{"id":600,"date":"2021-12-14T18:09:15","date_gmt":"2021-12-14T18:09:15","guid":{"rendered":"https:\/\/kirchgemeinde.kikartei.ch\/?page_id=600"},"modified":"2021-12-16T10:38:22","modified_gmt":"2021-12-16T10:38:22","slug":"erwachsene","status":"publish","type":"page","link":"https:\/\/kirchgemeinde.kikartei.ch\/index.php\/erwachsene\/","title":{"rendered":"Erwachsene"},"content":{"rendered":"<p>[et_pb_section fb_built=&#8220;1&#8243; admin_label=&#8220;Header&#8220; _builder_version=&#8220;4.13.0&#8243; _module_preset=&#8220;default&#8220; custom_padding=&#8220;||1px|||&#8220; global_colors_info=&#8220;{}&#8220;][et_pb_row column_structure=&#8220;1_2,1_2&#8243; _builder_version=&#8220;4.7.7&#8243; _module_preset=&#8220;default&#8220; locked=&#8220;off&#8220; global_colors_info=&#8220;{}&#8220;][et_pb_column type=&#8220;1_2&#8243; _builder_version=&#8220;4.7.4&#8243; _module_preset=&#8220;default&#8220; custom_padding=&#8220;20px||||false|false&#8220; custom_padding_tablet=&#8220;0px||||false|false&#8220; custom_padding_phone=&#8220;&#8220; custom_padding_last_edited=&#8220;on|tablet&#8220; global_colors_info=&#8220;{}&#8220;][et_pb_text _builder_version=&#8220;4.7.4&#8243; _module_preset=&#8220;default&#8220; header_font=&#8220;Poppins|600|||||||&#8220; header_text_color=&#8220;#005450&#8243; header_font_size=&#8220;80px&#8220; header_line_height=&#8220;1.2em&#8220; header_font_size_tablet=&#8220;40px&#8220; header_font_size_phone=&#8220;24px&#8220; header_font_size_last_edited=&#8220;on|phone&#8220; locked=&#8220;off&#8220; global_colors_info=&#8220;{}&#8220;]<\/p>\n<h1>Erwachsene<\/h1>\n<p>[\/et_pb_text][et_pb_text _builder_version=&#8220;4.13.0&#8243; _module_preset=&#8220;default&#8220; text_font=&#8220;Work Sans||||||||&#8220; text_font_size=&#8220;16px&#8220; text_line_height=&#8220;1.8em&#8220; max_width=&#8220;460px&#8220; text_font_size_tablet=&#8220;&#8220; text_font_size_phone=&#8220;14px&#8220; text_font_size_last_edited=&#8220;on|phone&#8220; locked=&#8220;off&#8220; global_colors_info=&#8220;{}&#8220;]<\/p>\n<p style=\"text-align: left;\"><span style=\"color: #2e987d;\">Aufgenommen in Gottes grosse Familie!<\/span><\/p>\n<p style=\"text-align: left;\"><span style=\"color: #2e987d;\">F\u00fcrchte dich nicht, ich habe dich bei deinem Namen gerufen. Du geh\u00f6rst zu mir!<\/span><\/p>\n<p>[\/et_pb_text][\/et_pb_column][et_pb_column type=&#8220;1_2&#8243; _builder_version=&#8220;4.7.7&#8243; _module_preset=&#8220;default&#8220; background_color=&#8220;#aacd70&#8243; custom_padding=&#8220;60px|50px|60px|50px|true|true&#8220; custom_padding_tablet=&#8220;50px|50px|50px|50px|true|true&#8220; custom_padding_phone=&#8220;20px|20px|20px|20px|true|true&#8220; custom_padding_last_edited=&#8220;on|phone&#8220; border_radii=&#8220;off|70px||70px|&#8220; border_radii_tablet=&#8220;&#8220; border_radii_phone=&#8220;off|20px||20px|&#8220; border_radii_last_edited=&#8220;on|phone&#8220; global_colors_info=&#8220;{}&#8220;][et_pb_blurb title=&#8220;E-Mail-Adresse&#8220; use_icon=&#8220;on&#8220; font_icon=&#8220;&#xe076;||divi||400&#8243; image_icon_background_color=&#8220;rgba(0,39,37,0.1)&#8220; icon_placement=&#8220;left&#8220; image_icon_width=&#8220;18px&#8220; content_max_width=&#8220;100%&#8220; _builder_version=&#8220;4.13.0&#8243; _module_preset=&#8220;default&#8220; header_font=&#8220;Work Sans||||||||&#8220; header_text_color=&#8220;#002725&#8243; header_font_size=&#8220;16px&#8220; header_line_height=&#8220;1.2em&#8220; body_font=&#8220;Poppins|600|||||||&#8220; body_text_color=&#8220;#002725&#8243; body_font_size=&#8220;20px&#8220; body_line_height=&#8220;1.6em&#8220; body_link_text_color=&#8220;#002725&#8243; image_icon_custom_padding=&#8220;8px|8px|8px|8px|false|false&#8220; animation=&#8220;off&#8220; header_font_size_tablet=&#8220;&#8220; header_font_size_phone=&#8220;14px&#8220; header_font_size_last_edited=&#8220;on|phone&#8220; body_font_size_tablet=&#8220;18px&#8220; body_font_size_phone=&#8220;16px&#8220; body_font_size_last_edited=&#8220;on|phone&#8220; border_radii_image=&#8220;on|100%|100%|100%|100%&#8220; icon_font_size=&#8220;18px&#8220; use_circle=&#8220;on&#8220; circle_color=&#8220;rgba(0,39,37,0.1)&#8220; locked=&#8220;off&#8220; global_colors_info=&#8220;{}&#8220; image_icon_background_color__sticky_enabled=&#8220;#002725&#8243; image_icon_background_color__sticky=&#8220;#002725&#8243;]<\/p>\n<p><a href=\"mailto:info@kw-software.ch\">info@kw-software.ch<\/a><\/p>\n<p>[\/et_pb_blurb][et_pb_blurb title=&#8220;Telefon&#8220; use_icon=&#8220;on&#8220; font_icon=&#8220;&#xe090;||divi||400&#8243; image_icon_background_color=&#8220;rgba(0,39,37,0.1)&#8220; icon_placement=&#8220;left&#8220; image_icon_width=&#8220;18px&#8220; content_max_width=&#8220;100%&#8220; _builder_version=&#8220;4.13.0&#8243; _module_preset=&#8220;default&#8220; header_font=&#8220;Work Sans||||||||&#8220; header_text_color=&#8220;#002725&#8243; header_font_size=&#8220;16px&#8220; header_line_height=&#8220;1.2em&#8220; body_font=&#8220;Poppins|600|||||||&#8220; body_text_color=&#8220;#002725&#8243; body_font_size=&#8220;20px&#8220; body_line_height=&#8220;1.6em&#8220; body_link_text_color=&#8220;#002725&#8243; image_icon_custom_padding=&#8220;8px|8px|8px|8px|false|false&#8220; animation=&#8220;off&#8220; header_font_size_tablet=&#8220;&#8220; header_font_size_phone=&#8220;14px&#8220; header_font_size_last_edited=&#8220;on|phone&#8220; body_font_size_tablet=&#8220;18px&#8220; body_font_size_phone=&#8220;16px&#8220; body_font_size_last_edited=&#8220;on|phone&#8220; border_radii_image=&#8220;on|100%|100%|100%|100%&#8220; icon_font_size=&#8220;18px&#8220; use_circle=&#8220;on&#8220; circle_color=&#8220;rgba(0,39,37,0.1)&#8220; locked=&#8220;off&#8220; global_colors_info=&#8220;{}&#8220; image_icon_background_color__sticky_enabled=&#8220;#002725&#8243; image_icon_background_color__sticky=&#8220;#002725&#8243;]<\/p>\n<p>+41 055 789 65 11<\/p>\n<p>[\/et_pb_blurb][et_pb_blurb title=&#8220;\u00d6ffnungszeiten&#8220; use_icon=&#8220;on&#8220; font_icon=&#8220;&#xe06b;||divi||400&#8243; image_icon_background_color=&#8220;rgba(0,39,37,0.1)&#8220; icon_placement=&#8220;left&#8220; image_icon_width=&#8220;18px&#8220; content_max_width=&#8220;100%&#8220; _builder_version=&#8220;4.13.0&#8243; _module_preset=&#8220;default&#8220; header_font=&#8220;Work Sans||||||||&#8220; header_text_color=&#8220;#002725&#8243; header_font_size=&#8220;16px&#8220; header_line_height=&#8220;1.2em&#8220; body_font=&#8220;Poppins|600|||||||&#8220; body_text_color=&#8220;#002725&#8243; body_font_size=&#8220;20px&#8220; body_line_height=&#8220;1.6em&#8220; body_link_text_color=&#8220;#002725&#8243; image_icon_custom_padding=&#8220;8px|8px|8px|8px|false|false&#8220; animation=&#8220;off&#8220; header_font_size_tablet=&#8220;&#8220; header_font_size_phone=&#8220;14px&#8220; header_font_size_last_edited=&#8220;on|phone&#8220; body_font_size_tablet=&#8220;18px&#8220; body_font_size_phone=&#8220;16px&#8220; body_font_size_last_edited=&#8220;on|phone&#8220; border_radii_image=&#8220;on|100%|100%|100%|100%&#8220; icon_font_size=&#8220;18px&#8220; use_circle=&#8220;on&#8220; circle_color=&#8220;rgba(0,39,37,0.1)&#8220; locked=&#8220;off&#8220; global_colors_info=&#8220;{}&#8220; image_icon_background_color__sticky_enabled=&#8220;#002725&#8243; image_icon_background_color__sticky=&#8220;#002725&#8243;]<\/p>\n<p>Mo- Mi: 10.00- 17.00<br \/>Do- Sa: 01.00 &#8211; 16.00<\/p>\n<p>[\/et_pb_blurb][\/et_pb_column][\/et_pb_row][\/et_pb_section][et_pb_section fb_built=&#8220;1&#8243; specialty=&#8220;on&#8220; _builder_version=&#8220;4.13.0&#8243; _module_preset=&#8220;default&#8220; min_height=&#8220;659.7px&#8220; custom_margin=&#8220;-3px|||||&#8220; custom_padding=&#8220;33px||3px|||&#8220; global_colors_info=&#8220;{}&#8220;][et_pb_column type=&#8220;1_2&#8243; _builder_version=&#8220;3.25&#8243; custom_padding=&#8220;|||&#8220; global_colors_info=&#8220;{}&#8220; custom_padding__hover=&#8220;|||&#8220;][et_pb_image src=&#8220;https:\/\/kirchgemeinde.kikartei.ch\/wp-content\/uploads\/2021\/12\/pexels-photo-5257415.jpeg&#8220; title_text=&#8220;Pexels Photo 5257415&#8243; _builder_version=&#8220;4.14.2&#8243; _module_preset=&#8220;default&#8220; custom_margin=&#8220;||-2px|-362px||&#8220; global_colors_info=&#8220;{}&#8220;][\/et_pb_image][\/et_pb_column][et_pb_column type=&#8220;1_2&#8243; specialty_columns=&#8220;2&#8243; _builder_version=&#8220;3.25&#8243; custom_padding=&#8220;|||&#8220; global_colors_info=&#8220;{}&#8220; custom_padding__hover=&#8220;|||&#8220;][et_pb_row_inner column_structure=&#8220;1_2,1_2&#8243; _builder_version=&#8220;4.13.0&#8243; _module_preset=&#8220;default&#8220; custom_margin=&#8220;87px|3px||||&#8220; custom_padding=&#8220;24px|||||&#8220; global_colors_info=&#8220;{}&#8220;][et_pb_column_inner type=&#8220;1_2&#8243; saved_specialty_column_type=&#8220;1_2&#8243; _builder_version=&#8220;4.13.0&#8243; _module_preset=&#8220;default&#8220; global_colors_info=&#8220;{}&#8220;][et_pb_text _builder_version=&#8220;4.14.2&#8243; _module_preset=&#8220;default&#8220; text_font=&#8220;|600|||||||&#8220; global_colors_info=&#8220;{}&#8220;]<\/p>\n<p><span style=\"color: #2e987d;\">M\u00e4nnerabend \/ Ladies-Night<\/span><\/p>\n<p style=\"text-align: justify;\"><span>Im Sommer-Halbjahr findet jeweils ein gemeinsamer M\u00e4nnerabend \/ Ladies-Night, im Winter-Halbjahr ein M\u00e4nner- -Abend statt.\u00a0<\/span><\/p>\n<p><span>Wir besichtigen ein Unternehmen oder eine Institution in der N\u00e4he oder laden einen Referenten ein, der uns seine Berufserfahrungen vermittelt. Anschliessend geniessen wir das Zusammensein beim Grillieren bei der Feuerstelle oder bei einem feinen Nachtessen.<\/span><\/p>\n<p>[\/et_pb_text][\/et_pb_column_inner][et_pb_column_inner type=&#8220;1_2&#8243; saved_specialty_column_type=&#8220;1_2&#8243; _builder_version=&#8220;4.13.0&#8243; _module_preset=&#8220;default&#8220; global_colors_info=&#8220;{}&#8220;][et_pb_text _builder_version=&#8220;4.13.0&#8243; _module_preset=&#8220;default&#8220; text_font=&#8220;|600|||||||&#8220; locked=&#8220;off&#8220; global_colors_info=&#8220;{}&#8220;]<\/p>\n<p><span style=\"color: #2e987d;\">Kontakt<\/span><\/p>\n<p style=\"text-align: justify;\"><span style=\"color: #004643;\">Jacob Winter<\/span><\/p>\n<p style=\"text-align: justify;\"><span style=\"color: #004643;\">Telefon: +41 44 789 65 41<br \/><\/span><\/p>\n<p style=\"text-align: justify;\"><span style=\"color: #004643;\">E-Mail: jacob.winter@emsail.ch<\/span><\/p>\n<p style=\"text-align: justify;\"><span style=\"color: #004643;\"><\/span><\/p>\n<p>[\/et_pb_text][\/et_pb_column_inner][\/et_pb_row_inner][\/et_pb_column][\/et_pb_section][et_pb_section fb_built=&#8220;1&#8243; specialty=&#8220;on&#8220; _builder_version=&#8220;4.13.0&#8243; _module_preset=&#8220;default&#8220; min_height=&#8220;659.7px&#8220; custom_margin=&#8220;-3px|||||&#8220; custom_padding=&#8220;33px||3px|||&#8220; global_colors_info=&#8220;{}&#8220;][et_pb_column type=&#8220;1_2&#8243; _builder_version=&#8220;3.25&#8243; custom_padding=&#8220;|||&#8220; global_colors_info=&#8220;{}&#8220; custom_padding__hover=&#8220;|||&#8220;][et_pb_image src=&#8220;https:\/\/kirchgemeinde.kikartei.ch\/wp-content\/uploads\/2021\/12\/afternoon-tea-soiree-3769920_960_720.jpg&#8220; title_text=&#8220;Afternoon Tea Soiree 3769920 960 720&#8243; _builder_version=&#8220;4.14.2&#8243; _module_preset=&#8220;default&#8220; custom_margin=&#8220;||-2px|-362px||&#8220; hover_enabled=&#8220;0&#8243; global_colors_info=&#8220;{}&#8220; sticky_enabled=&#8220;0&#8243;][\/et_pb_image][\/et_pb_column][et_pb_column type=&#8220;1_2&#8243; specialty_columns=&#8220;2&#8243; _builder_version=&#8220;3.25&#8243; custom_padding=&#8220;|||&#8220; global_colors_info=&#8220;{}&#8220; custom_padding__hover=&#8220;|||&#8220;][et_pb_row_inner column_structure=&#8220;1_2,1_2&#8243; _builder_version=&#8220;4.14.2&#8243; _module_preset=&#8220;default&#8220; custom_margin=&#8220;106px|3px||||&#8220; custom_padding=&#8220;5px|||||&#8220; global_colors_info=&#8220;{}&#8220;][et_pb_column_inner type=&#8220;1_2&#8243; saved_specialty_column_type=&#8220;1_2&#8243; _builder_version=&#8220;4.13.0&#8243; _module_preset=&#8220;default&#8220; global_colors_info=&#8220;{}&#8220;][et_pb_text _builder_version=&#8220;4.14.2&#8243; _module_preset=&#8220;default&#8220; text_font=&#8220;|600|||||||&#8220; global_colors_info=&#8220;{}&#8220;]<\/p>\n<p><span style=\"color: #2e987d;\">Markt bei der Kirchgemeinde KiKartei<\/span><\/p>\n<p style=\"text-align: justify;\"><span>Eine Viertelstunde Besinnung mit Orgelmusik und Textlesungen jeden Samstagmorgen von Mai bis September<\/span><br \/><span>Eine gesamtst\u00e4dtische Veranstaltung des Pfarrkapitels in der Stadt KiKartei<\/span><\/p>\n<p>[\/et_pb_text][\/et_pb_column_inner][et_pb_column_inner type=&#8220;1_2&#8243; saved_specialty_column_type=&#8220;1_2&#8243; _builder_version=&#8220;4.13.0&#8243; _module_preset=&#8220;default&#8220; global_colors_info=&#8220;{}&#8220;][et_pb_text _builder_version=&#8220;4.14.2&#8243; _module_preset=&#8220;default&#8220; text_font=&#8220;|600|||||||&#8220; global_colors_info=&#8220;{}&#8220;]<\/p>\n<p><span style=\"color: #2e987d;\">Soir\u00e9e in der Kirche KiKartei<\/span><\/p>\n<p style=\"text-align: justify;\"><span>In der\u00a0<\/span><i>Soir\u00e9e ind der Kirche Kikartie <\/i><span>sind speziell ausgew\u00e4hlte Texte aus der Literatur zu h\u00f6ren, die zum Nachdenken oder Schmunzeln anregen. Dazu erklingt zwischen den Lesungen Musik, die das Geh\u00f6rte vertieft und weiterf\u00fchrt.<\/span><\/p>\n<p>[\/et_pb_text][\/et_pb_column_inner][\/et_pb_row_inner][et_pb_row_inner _builder_version=&#8220;4.14.2&#8243; _module_preset=&#8220;default&#8220; global_colors_info=&#8220;{}&#8220;][et_pb_column_inner saved_specialty_column_type=&#8220;1_2&#8243; _builder_version=&#8220;4.14.2&#8243; _module_preset=&#8220;default&#8220; global_colors_info=&#8220;{}&#8220;][et_pb_text _builder_version=&#8220;4.14.2&#8243; _module_preset=&#8220;default&#8220; text_font=&#8220;|600|||||||&#8220; width=&#8220;100%&#8220; locked=&#8220;off&#8220; global_colors_info=&#8220;{}&#8220;]<\/p>\n<p><span style=\"color: #2e987d;\">Kontakt<\/span><\/p>\n<p style=\"text-align: justify;\"><span>Markus Schneider<\/span><\/p>\n<p style=\"text-align: justify;\">Telefon: +41 44 788 96 54<span><\/span><\/p>\n<p style=\"text-align: justify;\">E-Mail: markus.schneider@email.ch<\/p>\n<p style=\"text-align: justify;\"><span style=\"color: #004643;\"><\/span><\/p>\n<p>[\/et_pb_text][\/et_pb_column_inner][\/et_pb_row_inner][\/et_pb_column][\/et_pb_section][et_pb_section fb_built=&#8220;1&#8243; specialty=&#8220;on&#8220; _builder_version=&#8220;4.14.2&#8243; _module_preset=&#8220;default&#8220; min_height=&#8220;659.7px&#8220; custom_margin=&#8220;-3px|||||&#8220; custom_padding=&#8220;33px||3px|||&#8220; global_colors_info=&#8220;{}&#8220;][et_pb_column type=&#8220;1_2&#8243; _builder_version=&#8220;3.25&#8243; custom_padding=&#8220;|||&#8220; global_colors_info=&#8220;{}&#8220; custom_padding__hover=&#8220;|||&#8220;][et_pb_image src=&#8220;https:\/\/kirchgemeinde.kikartei.ch\/wp-content\/uploads\/2021\/12\/chairs-358404_960_720.jpg&#8220; title_text=&#8220;Chairs 358404 960 720&#8243; _builder_version=&#8220;4.14.2&#8243; _module_preset=&#8220;default&#8220; custom_margin=&#8220;||-2px|-362px||&#8220; global_colors_info=&#8220;{}&#8220;][\/et_pb_image][\/et_pb_column][et_pb_column type=&#8220;1_2&#8243; specialty_columns=&#8220;2&#8243; _builder_version=&#8220;3.25&#8243; custom_padding=&#8220;|||&#8220; global_colors_info=&#8220;{}&#8220; custom_padding__hover=&#8220;|||&#8220;][et_pb_row_inner column_structure=&#8220;1_2,1_2&#8243; admin_label=&#8220;Zeile&#8220; _builder_version=&#8220;4.13.0&#8243; _module_preset=&#8220;default&#8220; custom_margin=&#8220;|3px||||&#8220; custom_padding=&#8220;79px||0px|||&#8220; global_colors_info=&#8220;{}&#8220;][et_pb_column_inner type=&#8220;1_2&#8243; saved_specialty_column_type=&#8220;1_2&#8243; _builder_version=&#8220;4.13.0&#8243; _module_preset=&#8220;default&#8220; global_colors_info=&#8220;{}&#8220;][et_pb_text _builder_version=&#8220;4.14.2&#8243; _module_preset=&#8220;default&#8220; text_font=&#8220;|600|||||||&#8220; global_colors_info=&#8220;{}&#8220;]<\/p>\n<p><span style=\"color: #2e987d;\">Bibelgespr\u00e4chskreis<\/span><\/p>\n<p style=\"text-align: justify;\"><span>Die Bibel wird das &#8222;Buch der B\u00fccher&#8220; genannt.<\/span><br \/><span>Ein Anthropologe und ein Historiker bezeichnen sie auch als &#8222;Das Tagebuch der Menschheit&#8220;.<\/span><br \/><span>Sie ist eine &#8222;unendliche Geschichte&#8220; Gottes mit uns Menschen, ein Fundus an Erz\u00e4hlungen, Gedichten, Gebeten, Geboten, Weisheiten, Ratschl\u00e4gen und nicht zuletzt eine grosse Sammlung von Menschheitserfahrungen.<\/span><\/p>\n<p><span>\u00dcber dieses wunderbare und erstaunliche Buch m\u00f6chte ich gerne mit Ihnen ins Gespr\u00e4ch kommen und lade Sie herzlich ein.<\/span><\/p>\n<p>[\/et_pb_text][\/et_pb_column_inner][et_pb_column_inner type=&#8220;1_2&#8243; saved_specialty_column_type=&#8220;1_2&#8243; _builder_version=&#8220;4.13.0&#8243; _module_preset=&#8220;default&#8220; global_colors_info=&#8220;{}&#8220;][et_pb_text _builder_version=&#8220;4.13.0&#8243; _module_preset=&#8220;default&#8220; text_font=&#8220;|600|||||||&#8220; locked=&#8220;off&#8220; global_colors_info=&#8220;{}&#8220;]<\/p>\n<p><span style=\"color: #2e987d;\">Kontakt<\/span><\/p>\n<p style=\"text-align: justify;\"><span style=\"color: #004643;\">Max Muster<\/span><\/p>\n<p style=\"text-align: justify;\"><span style=\"color: #004643;\">Tel. +41 12 365 47 89<\/span><\/p>\n<p style=\"text-align: justify;\"><span style=\"color: #004643;\">E-Mail max.muster@email.ch<\/span><\/p>\n<p>[\/et_pb_text][\/et_pb_column_inner][\/et_pb_row_inner][\/et_pb_column][\/et_pb_section]<\/p>\n","protected":false},"excerpt":{"rendered":"<p>ErwachseneAufgenommen in Gottes grosse Familie! F\u00fcrchte dich nicht, ich habe dich bei deinem Namen gerufen. Du geh\u00f6rst zu mir!info@kw-software.ch+41 055 789 65 11Mo- Mi: 10.00- 17.00Do- Sa: 01.00 &#8211; 16.00M\u00e4nnerabend \/ Ladies-Night Im Sommer-Halbjahr findet jeweils ein gemeinsamer M\u00e4nnerabend \/ Ladies-Night, im Winter-Halbjahr ein M\u00e4nner- -Abend statt.\u00a0 Wir besichtigen ein Unternehmen oder eine Institution in [&hellip;]<\/p>\n","protected":false},"author":1,"featured_media":0,"parent":0,"menu_order":0,"comment_status":"closed","ping_status":"closed","template":"","meta":{"_et_pb_use_builder":"on","_et_pb_old_content":"","_et_gb_content_width":"","footnotes":""},"class_list":["post-600","page","type-page","status-publish","hentry"],"yoast_head":"<!-- This site is optimized with the Yoast SEO plugin v27.4 - https:\/\/yoast.com\/product\/yoast-seo-wordpress\/ -->\n<title>Erwachsene - Kirchgemeinde Demo<\/title>\n<meta name=\"robots\" content=\"noindex, follow, max-snippet:-1, max-image-preview:large, max-video-preview:-1\" \/>\n<meta property=\"og:locale\" content=\"de_DE\" \/>\n<meta property=\"og:type\" content=\"article\" \/>\n<meta property=\"og:title\" content=\"Erwachsene - Kirchgemeinde Demo\" \/>\n<meta property=\"og:description\" content=\"ErwachseneAufgenommen in Gottes grosse Familie! F\u00fcrchte dich nicht, ich habe dich bei deinem Namen gerufen. Du geh\u00f6rst zu mir!info@kw-software.ch+41 055 789 65 11Mo- Mi: 10.00- 17.00Do- Sa: 01.00 - 16.00M\u00e4nnerabend \/ Ladies-Night Im Sommer-Halbjahr findet jeweils ein gemeinsamer M\u00e4nnerabend \/ Ladies-Night, im Winter-Halbjahr ein M\u00e4nner- -Abend statt.\u00a0 Wir besichtigen ein Unternehmen oder eine Institution in [&hellip;]\" \/>\n<meta property=\"og:url\" content=\"https:\/\/kirchgemeinde.kikartei.ch\/index.php\/erwachsene\/\" \/>\n<meta property=\"og:site_name\" content=\"Kirchgemeinde Demo\" \/>\n<meta property=\"article:modified_time\" content=\"2021-12-16T10:38:22+00:00\" \/>\n<meta name=\"twitter:card\" content=\"summary_large_image\" \/>\n<meta name=\"twitter:label1\" content=\"Gesch\u00e4tzte Lesezeit\" \/>\n\t<meta name=\"twitter:data1\" content=\"8\u00a0Minuten\" \/>\n<script type=\"application\/ld+json\" class=\"yoast-schema-graph\">{\"@context\":\"https:\\\/\\\/schema.org\",\"@graph\":[{\"@type\":\"WebPage\",\"@id\":\"https:\\\/\\\/kirchgemeinde.kikartei.ch\\\/index.php\\\/erwachsene\\\/\",\"url\":\"https:\\\/\\\/kirchgemeinde.kikartei.ch\\\/index.php\\\/erwachsene\\\/\",\"name\":\"Erwachsene - Kirchgemeinde Demo\",\"isPartOf\":{\"@id\":\"https:\\\/\\\/kirchgemeinde.kikartei.ch\\\/#website\"},\"datePublished\":\"2021-12-14T18:09:15+00:00\",\"dateModified\":\"2021-12-16T10:38:22+00:00\",\"breadcrumb\":{\"@id\":\"https:\\\/\\\/kirchgemeinde.kikartei.ch\\\/index.php\\\/erwachsene\\\/#breadcrumb\"},\"inLanguage\":\"de\",\"potentialAction\":[{\"@type\":\"ReadAction\",\"target\":[\"https:\\\/\\\/kirchgemeinde.kikartei.ch\\\/index.php\\\/erwachsene\\\/\"]}]},{\"@type\":\"BreadcrumbList\",\"@id\":\"https:\\\/\\\/kirchgemeinde.kikartei.ch\\\/index.php\\\/erwachsene\\\/#breadcrumb\",\"itemListElement\":[{\"@type\":\"ListItem\",\"position\":1,\"name\":\"Startseite\",\"item\":\"https:\\\/\\\/kirchgemeinde.kikartei.ch\\\/\"},{\"@type\":\"ListItem\",\"position\":2,\"name\":\"Erwachsene\"}]},{\"@type\":\"WebSite\",\"@id\":\"https:\\\/\\\/kirchgemeinde.kikartei.ch\\\/#website\",\"url\":\"https:\\\/\\\/kirchgemeinde.kikartei.ch\\\/\",\"name\":\"Kirchgemeinde Demo\",\"description\":\"\",\"potentialAction\":[{\"@type\":\"SearchAction\",\"target\":{\"@type\":\"EntryPoint\",\"urlTemplate\":\"https:\\\/\\\/kirchgemeinde.kikartei.ch\\\/?s={search_term_string}\"},\"query-input\":{\"@type\":\"PropertyValueSpecification\",\"valueRequired\":true,\"valueName\":\"search_term_string\"}}],\"inLanguage\":\"de\"}]}<\/script>\n<!-- \/ Yoast SEO plugin. -->","yoast_head_json":{"title":"Erwachsene - Kirchgemeinde Demo","robots":{"index":"noindex","follow":"follow","max-snippet":"max-snippet:-1","max-image-preview":"max-image-preview:large","max-video-preview":"max-video-preview:-1"},"og_locale":"de_DE","og_type":"article","og_title":"Erwachsene - Kirchgemeinde Demo","og_description":"ErwachseneAufgenommen in Gottes grosse Familie! F\u00fcrchte dich nicht, ich habe dich bei deinem Namen gerufen. Du geh\u00f6rst zu mir!info@kw-software.ch+41 055 789 65 11Mo- Mi: 10.00- 17.00Do- Sa: 01.00 - 16.00M\u00e4nnerabend \/ Ladies-Night Im Sommer-Halbjahr findet jeweils ein gemeinsamer M\u00e4nnerabend \/ Ladies-Night, im Winter-Halbjahr ein M\u00e4nner- -Abend statt.\u00a0 Wir besichtigen ein Unternehmen oder eine Institution in [&hellip;]","og_url":"https:\/\/kirchgemeinde.kikartei.ch\/index.php\/erwachsene\/","og_site_name":"Kirchgemeinde Demo","article_modified_time":"2021-12-16T10:38:22+00:00","twitter_card":"summary_large_image","twitter_misc":{"Gesch\u00e4tzte Lesezeit":"8\u00a0Minuten"},"schema":{"@context":"https:\/\/schema.org","@graph":[{"@type":"WebPage","@id":"https:\/\/kirchgemeinde.kikartei.ch\/index.php\/erwachsene\/","url":"https:\/\/kirchgemeinde.kikartei.ch\/index.php\/erwachsene\/","name":"Erwachsene - Kirchgemeinde Demo","isPartOf":{"@id":"https:\/\/kirchgemeinde.kikartei.ch\/#website"},"datePublished":"2021-12-14T18:09:15+00:00","dateModified":"2021-12-16T10:38:22+00:00","breadcrumb":{"@id":"https:\/\/kirchgemeinde.kikartei.ch\/index.php\/erwachsene\/#breadcrumb"},"inLanguage":"de","potentialAction":[{"@type":"ReadAction","target":["https:\/\/kirchgemeinde.kikartei.ch\/index.php\/erwachsene\/"]}]},{"@type":"BreadcrumbList","@id":"https:\/\/kirchgemeinde.kikartei.ch\/index.php\/erwachsene\/#breadcrumb","itemListElement":[{"@type":"ListItem","position":1,"name":"Startseite","item":"https:\/\/kirchgemeinde.kikartei.ch\/"},{"@type":"ListItem","position":2,"name":"Erwachsene"}]},{"@type":"WebSite","@id":"https:\/\/kirchgemeinde.kikartei.ch\/#website","url":"https:\/\/kirchgemeinde.kikartei.ch\/","name":"Kirchgemeinde Demo","description":"","potentialAction":[{"@type":"SearchAction","target":{"@type":"EntryPoint","urlTemplate":"https:\/\/kirchgemeinde.kikartei.ch\/?s={search_term_string}"},"query-input":{"@type":"PropertyValueSpecification","valueRequired":true,"valueName":"search_term_string"}}],"inLanguage":"de"}]}},"_links":{"self":[{"href":"https:\/\/kirchgemeinde.kikartei.ch\/index.php\/wp-json\/wp\/v2\/pages\/600","targetHints":{"allow":["GET"]}}],"collection":[{"href":"https:\/\/kirchgemeinde.kikartei.ch\/index.php\/wp-json\/wp\/v2\/pages"}],"about":[{"href":"https:\/\/kirchgemeinde.kikartei.ch\/index.php\/wp-json\/wp\/v2\/types\/page"}],"author":[{"embeddable":true,"href":"https:\/\/kirchgemeinde.kikartei.ch\/index.php\/wp-json\/wp\/v2\/users\/1"}],"replies":[{"embeddable":true,"href":"https:\/\/kirchgemeinde.kikartei.ch\/index.php\/wp-json\/wp\/v2\/comments?post=600"}],"version-history":[{"count":5,"href":"https:\/\/kirchgemeinde.kikartei.ch\/index.php\/wp-json\/wp\/v2\/pages\/600\/revisions"}],"predecessor-version":[{"id":655,"href":"https:\/\/kirchgemeinde.kikartei.ch\/index.php\/wp-json\/wp\/v2\/pages\/600\/revisions\/655"}],"wp:attachment":[{"href":"https:\/\/kirchgemeinde.kikartei.ch\/index.php\/wp-json\/wp\/v2\/media?parent=600"}],"curies":[{"name":"wp","href":"https:\/\/api.w.org\/{rel}","templated":true}]}}