{"id":122,"date":"2021-10-19T07:05:05","date_gmt":"2021-10-19T07:05:05","guid":{"rendered":"https:\/\/kirchgemeinde.kikartei.ch\/?page_id=122"},"modified":"2022-09-22T15:23:56","modified_gmt":"2022-09-22T15:23:56","slug":"kontakt","status":"publish","type":"page","link":"https:\/\/kirchgemeinde.kikartei.ch\/index.php\/kontakt\/","title":{"rendered":"Organisation"},"content":{"rendered":"<p>[et_pb_section fb_built=&#8220;1&#8243; admin_label=&#8220;Header&#8220; _builder_version=&#8220;4.7.4&#8243; _module_preset=&#8220;default&#8220; global_colors_info=&#8220;{}&#8220;][et_pb_row column_structure=&#8220;1_2,1_2&#8243; _builder_version=&#8220;4.7.7&#8243; _module_preset=&#8220;default&#8220; locked=&#8220;off&#8220; global_colors_info=&#8220;{}&#8220;][et_pb_column type=&#8220;1_2&#8243; _builder_version=&#8220;4.7.4&#8243; _module_preset=&#8220;default&#8220; custom_padding=&#8220;20px||||false|false&#8220; custom_padding_tablet=&#8220;0px||||false|false&#8220; custom_padding_phone=&#8220;&#8220; custom_padding_last_edited=&#8220;on|tablet&#8220; global_colors_info=&#8220;{}&#8220;][et_pb_text _builder_version=&#8220;4.7.4&#8243; _module_preset=&#8220;default&#8220; header_font=&#8220;Poppins|600|||||||&#8220; header_text_color=&#8220;#005450&#8243; header_font_size=&#8220;80px&#8220; header_line_height=&#8220;1.2em&#8220; header_font_size_tablet=&#8220;40px&#8220; header_font_size_phone=&#8220;24px&#8220; header_font_size_last_edited=&#8220;on|phone&#8220; locked=&#8220;off&#8220; global_colors_info=&#8220;{}&#8220;]<\/p>\n<h1>Kontakt<\/h1>\n<p>[\/et_pb_text][et_pb_text _builder_version=&#8220;4.13.0&#8243; _module_preset=&#8220;default&#8220; text_font=&#8220;Work Sans||||||||&#8220; text_font_size=&#8220;16px&#8220; text_line_height=&#8220;1.8em&#8220; max_width=&#8220;460px&#8220; text_font_size_tablet=&#8220;&#8220; text_font_size_phone=&#8220;14px&#8220; text_font_size_last_edited=&#8220;on|phone&#8220; locked=&#8220;off&#8220; global_colors_info=&#8220;{}&#8220;]<\/p>\n<p>Willkommen!\u00a0<\/p>\n<p><span>Und damit ist vieles von dem gesagt, was wir repr\u00e4sentieren wollen, n\u00e4mlich eine gastfreundliche und empf\u00e4ngliche Kirche zu sein, ein Ort der Gemeinschaft, in der es um das geht, was alle Menschen miteinander verbindet. Wir wollen eine Kirche sein,\u00a0 in der man sich trifft, um miteinander ins Gespr\u00e4ch zu kommen und Zugeh\u00f6rigkeit\u00a0 erlebt.<\/span><\/p>\n<p>[\/et_pb_text][\/et_pb_column][et_pb_column type=&#8220;1_2&#8243; _builder_version=&#8220;4.7.7&#8243; _module_preset=&#8220;default&#8220; background_color=&#8220;#aacd70&#8243; custom_padding=&#8220;60px|50px|60px|50px|true|true&#8220; custom_padding_tablet=&#8220;50px|50px|50px|50px|true|true&#8220; custom_padding_phone=&#8220;20px|20px|20px|20px|true|true&#8220; custom_padding_last_edited=&#8220;on|phone&#8220; border_radii=&#8220;off|70px||70px|&#8220; border_radii_tablet=&#8220;&#8220; border_radii_phone=&#8220;off|20px||20px|&#8220; border_radii_last_edited=&#8220;on|phone&#8220; global_colors_info=&#8220;{}&#8220;][et_pb_blurb title=&#8220;E-Mail-Adresse&#8220; use_icon=&#8220;on&#8220; font_icon=&#8220;&#xe076;||divi||400&#8243; image_icon_background_color=&#8220;rgba(0,39,37,0.1)&#8220; icon_placement=&#8220;left&#8220; image_icon_width=&#8220;18px&#8220; content_max_width=&#8220;100%&#8220; _builder_version=&#8220;4.13.0&#8243; _module_preset=&#8220;default&#8220; header_font=&#8220;Work Sans||||||||&#8220; header_text_color=&#8220;#002725&#8243; header_font_size=&#8220;16px&#8220; header_line_height=&#8220;1.2em&#8220; body_font=&#8220;Poppins|600|||||||&#8220; body_text_color=&#8220;#002725&#8243; body_font_size=&#8220;20px&#8220; body_line_height=&#8220;1.6em&#8220; body_link_text_color=&#8220;#002725&#8243; image_icon_custom_padding=&#8220;8px|8px|8px|8px|false|false&#8220; animation=&#8220;off&#8220; header_font_size_tablet=&#8220;&#8220; header_font_size_phone=&#8220;14px&#8220; header_font_size_last_edited=&#8220;on|phone&#8220; body_font_size_tablet=&#8220;18px&#8220; body_font_size_phone=&#8220;16px&#8220; body_font_size_last_edited=&#8220;on|phone&#8220; border_radii_image=&#8220;on|100%|100%|100%|100%&#8220; icon_font_size=&#8220;18px&#8220; use_circle=&#8220;on&#8220; circle_color=&#8220;rgba(0,39,37,0.1)&#8220; locked=&#8220;off&#8220; global_colors_info=&#8220;{}&#8220; image_icon_background_color__sticky_enabled=&#8220;#002725&#8243; image_icon_background_color__sticky=&#8220;#002725&#8243;]<\/p>\n<p>info@kw-software.ch<\/p>\n<p>[\/et_pb_blurb][et_pb_blurb title=&#8220;Telefon&#8220; use_icon=&#8220;on&#8220; font_icon=&#8220;&#xe090;||divi||400&#8243; image_icon_background_color=&#8220;rgba(0,39,37,0.1)&#8220; icon_placement=&#8220;left&#8220; image_icon_width=&#8220;18px&#8220; content_max_width=&#8220;100%&#8220; _builder_version=&#8220;4.13.0&#8243; _module_preset=&#8220;default&#8220; header_font=&#8220;Work Sans||||||||&#8220; header_text_color=&#8220;#002725&#8243; header_font_size=&#8220;16px&#8220; header_line_height=&#8220;1.2em&#8220; body_font=&#8220;Poppins|600|||||||&#8220; body_text_color=&#8220;#002725&#8243; body_font_size=&#8220;20px&#8220; body_line_height=&#8220;1.6em&#8220; body_link_text_color=&#8220;#002725&#8243; image_icon_custom_padding=&#8220;8px|8px|8px|8px|false|false&#8220; animation=&#8220;off&#8220; header_font_size_tablet=&#8220;&#8220; header_font_size_phone=&#8220;14px&#8220; header_font_size_last_edited=&#8220;on|phone&#8220; body_font_size_tablet=&#8220;18px&#8220; body_font_size_phone=&#8220;16px&#8220; body_font_size_last_edited=&#8220;on|phone&#8220; border_radii_image=&#8220;on|100%|100%|100%|100%&#8220; icon_font_size=&#8220;18px&#8220; use_circle=&#8220;on&#8220; circle_color=&#8220;rgba(0,39,37,0.1)&#8220; locked=&#8220;off&#8220; global_colors_info=&#8220;{}&#8220; image_icon_background_color__sticky_enabled=&#8220;#002725&#8243; image_icon_background_color__sticky=&#8220;#002725&#8243;]<\/p>\n<p>+41 56 245 86 66<\/p>\n<p>[\/et_pb_blurb][et_pb_blurb title=&#8220;\u00d6ffnungszeiten&#8220; use_icon=&#8220;on&#8220; font_icon=&#8220;&#xe06b;||divi||400&#8243; image_icon_background_color=&#8220;rgba(0,39,37,0.1)&#8220; icon_placement=&#8220;left&#8220; image_icon_width=&#8220;18px&#8220; content_max_width=&#8220;100%&#8220; _builder_version=&#8220;4.13.0&#8243; _module_preset=&#8220;default&#8220; header_font=&#8220;Work Sans||||||||&#8220; header_text_color=&#8220;#002725&#8243; header_font_size=&#8220;16px&#8220; header_line_height=&#8220;1.2em&#8220; body_font=&#8220;Poppins|600|||||||&#8220; body_text_color=&#8220;#002725&#8243; body_font_size=&#8220;20px&#8220; body_line_height=&#8220;1.6em&#8220; body_link_text_color=&#8220;#002725&#8243; image_icon_custom_padding=&#8220;8px|8px|8px|8px|false|false&#8220; animation=&#8220;off&#8220; header_font_size_tablet=&#8220;&#8220; header_font_size_phone=&#8220;14px&#8220; header_font_size_last_edited=&#8220;on|phone&#8220; body_font_size_tablet=&#8220;18px&#8220; body_font_size_phone=&#8220;16px&#8220; body_font_size_last_edited=&#8220;on|phone&#8220; border_radii_image=&#8220;on|100%|100%|100%|100%&#8220; icon_font_size=&#8220;18px&#8220; use_circle=&#8220;on&#8220; circle_color=&#8220;rgba(0,39,37,0.1)&#8220; locked=&#8220;off&#8220; global_colors_info=&#8220;{}&#8220; image_icon_background_color__sticky_enabled=&#8220;#002725&#8243; image_icon_background_color__sticky=&#8220;#002725&#8243;]<\/p>\n<p>Mo- Fr:<br \/>08.00-12.00<br \/>13.30-17.00<\/p>\n<p>[\/et_pb_blurb][\/et_pb_column][\/et_pb_row][et_pb_row _builder_version=&#8220;4.14.2&#8243; _module_preset=&#8220;default&#8220; global_colors_info=&#8220;{}&#8220;][et_pb_column type=&#8220;4_4&#8243; _builder_version=&#8220;4.14.2&#8243; _module_preset=&#8220;default&#8220; global_colors_info=&#8220;{}&#8220;][et_pb_text admin_label=&#8220;Text&#8220; _builder_version=&#8220;4.14.2&#8243; _module_preset=&#8220;default&#8220; hover_enabled=&#8220;0&#8243; global_colors_info=&#8220;{}&#8220; sticky_enabled=&#8220;0&#8243;]<\/p>\n<h3 id=\"mitarbeiter\">Sekretariat<\/h3>\n<p>[\/et_pb_text][et_pb_code _builder_version=&#8220;4.14.2&#8243; _module_preset=&#8220;default&#8220; global_colors_info=&#8220;{}&#8220;]<\/p>\n<style type=\"text\/css\"><!-- [et_pb_line_break_holder] --> @import url(\"https:\/\/code.jquery.com\/ui\/1.12.1\/themes\/smoothness\/jquery-ui.css\");<!-- [et_pb_line_break_holder] --> a.ui-state-default {<!-- [et_pb_line_break_holder] -->  text-decoration: none !important;<!-- [et_pb_line_break_holder] --> }<!-- [et_pb_line_break_holder] --><\/style>\n<p><!-- [et_pb_line_break_holder] --><script src=\"\/\/code.jquery.com\/jquery-1.12.4.js\"><\/script><!-- [et_pb_line_break_holder] --><script src=\"\/\/code.jquery.com\/ui\/1.12.1\/jquery-ui.js\"><\/script><!-- [et_pb_line_break_holder] --><link rel=\"stylesheet\" type=\"text\/css\" href=\"https:\/\/files.kikartei.ch\/prod\/allgemein\/webserviceclientMitarbeiter.css\"><!-- [et_pb_line_break_holder] --><link rel=\"stylesheet\" type=\"text\/css\" href=\"https:\/\/files.kikartei.ch\/prod\/plugin.kikartei.ch\/webserviceclientMitarbeiterKunde.css\"><!-- [et_pb_line_break_holder] --><script src=\"https:\/\/files.kikartei.ch\/prod\/plugin.kikartei.ch\/webserviceclient_config.js\"><\/script><!-- [et_pb_line_break_holder] --><script src=\"https:\/\/files.kikartei.ch\/prod\/allgemein\/webserviceclientMitarbeiter.js\"><\/script><!-- [et_pb_line_break_holder] --><script src=\"https:\/\/cdn.jsdelivr.net\/npm\/luxon@1.27.0\/build\/global\/luxon.min.js\"><\/script><!-- [et_pb_line_break_holder] --><!-- [et_pb_line_break_holder] --><!-- Mitarbeiter --><!-- [et_pb_line_break_holder] --><\/p>\n<div class=\"kikaMitarbeiter\"><!-- [et_pb_line_break_holder] -->    <\/p>\n<div id=\"kikaKategorien\"><!-- [et_pb_line_break_holder] -->    <\/div>\n<p><!-- [et_pb_line_break_holder] -->    <!--\n\n<div id=\"kikaTableMitarbeiter\"><\/div>\n\n--><!-- [et_pb_line_break_holder] -->  <\/p>\n<div id=\"kikaRowsMitarbeiter\"><\/div>\n<p><!-- [et_pb_line_break_holder] -->  <\/p>\n<div id=\"modal\" onclick=\"removeShow(this, event);\"><\/div>\n<p><!-- [et_pb_line_break_holder] --><\/div>\n<p><!-- [et_pb_line_break_holder] --><!-- [et_pb_line_break_holder] --><!-- [et_pb_line_break_holder] --><script type=\"text\/javascript\"><!-- [et_pb_line_break_holder] -->  getMitarbeiter(\"\",\"row\",\"Sekretariat\",true);<!-- [et_pb_line_break_holder] --><\/script>[\/et_pb_code][\/et_pb_column][\/et_pb_row][\/et_pb_section]<\/p>\n","protected":false},"excerpt":{"rendered":"<p>KontaktWillkommen!\u00a0 Und damit ist vieles von dem gesagt, was wir repr\u00e4sentieren wollen, n\u00e4mlich eine gastfreundliche und empf\u00e4ngliche Kirche zu sein, ein Ort der Gemeinschaft, in der es um das geht, was alle Menschen miteinander verbindet. Wir wollen eine Kirche sein,\u00a0 in der man sich trifft, um miteinander ins Gespr\u00e4ch zu kommen und Zugeh\u00f6rigkeit\u00a0 erlebt.info@kw-software.ch+41 56 [&hellip;]<\/p>\n","protected":false},"author":1,"featured_media":0,"parent":0,"menu_order":0,"comment_status":"closed","ping_status":"closed","template":"","meta":{"_et_pb_use_builder":"on","_et_pb_old_content":"","_et_gb_content_width":"","footnotes":""},"class_list":["post-122","page","type-page","status-publish","hentry"],"yoast_head":"<!-- This site is optimized with the Yoast SEO plugin v27.4 - https:\/\/yoast.com\/product\/yoast-seo-wordpress\/ -->\n<title>Organisation - Kirchgemeinde Demo<\/title>\n<meta name=\"robots\" content=\"noindex, follow, max-snippet:-1, max-image-preview:large, max-video-preview:-1\" \/>\n<meta property=\"og:locale\" content=\"de_DE\" \/>\n<meta property=\"og:type\" content=\"article\" \/>\n<meta property=\"og:title\" content=\"Organisation - Kirchgemeinde Demo\" \/>\n<meta property=\"og:description\" content=\"KontaktWillkommen!\u00a0 Und damit ist vieles von dem gesagt, was wir repr\u00e4sentieren wollen, n\u00e4mlich eine gastfreundliche und empf\u00e4ngliche Kirche zu sein, ein Ort der Gemeinschaft, in der es um das geht, was alle Menschen miteinander verbindet. Wir wollen eine Kirche sein,\u00a0 in der man sich trifft, um miteinander ins Gespr\u00e4ch zu kommen und Zugeh\u00f6rigkeit\u00a0 erlebt.info@kw-software.ch+41 56 [&hellip;]\" \/>\n<meta property=\"og:url\" content=\"https:\/\/kirchgemeinde.kikartei.ch\/index.php\/kontakt\/\" \/>\n<meta property=\"og:site_name\" content=\"Kirchgemeinde Demo\" \/>\n<meta property=\"article:modified_time\" content=\"2022-09-22T15:23:56+00:00\" \/>\n<meta name=\"twitter:card\" content=\"summary_large_image\" \/>\n<meta name=\"twitter:label1\" content=\"Gesch\u00e4tzte Lesezeit\" \/>\n\t<meta name=\"twitter:data1\" content=\"4\u00a0Minuten\" \/>\n<script type=\"application\/ld+json\" class=\"yoast-schema-graph\">{\"@context\":\"https:\\\/\\\/schema.org\",\"@graph\":[{\"@type\":\"WebPage\",\"@id\":\"https:\\\/\\\/kirchgemeinde.kikartei.ch\\\/index.php\\\/kontakt\\\/\",\"url\":\"https:\\\/\\\/kirchgemeinde.kikartei.ch\\\/index.php\\\/kontakt\\\/\",\"name\":\"Organisation - Kirchgemeinde Demo\",\"isPartOf\":{\"@id\":\"https:\\\/\\\/kirchgemeinde.kikartei.ch\\\/#website\"},\"datePublished\":\"2021-10-19T07:05:05+00:00\",\"dateModified\":\"2022-09-22T15:23:56+00:00\",\"breadcrumb\":{\"@id\":\"https:\\\/\\\/kirchgemeinde.kikartei.ch\\\/index.php\\\/kontakt\\\/#breadcrumb\"},\"inLanguage\":\"de\",\"potentialAction\":[{\"@type\":\"ReadAction\",\"target\":[\"https:\\\/\\\/kirchgemeinde.kikartei.ch\\\/index.php\\\/kontakt\\\/\"]}]},{\"@type\":\"BreadcrumbList\",\"@id\":\"https:\\\/\\\/kirchgemeinde.kikartei.ch\\\/index.php\\\/kontakt\\\/#breadcrumb\",\"itemListElement\":[{\"@type\":\"ListItem\",\"position\":1,\"name\":\"Startseite\",\"item\":\"https:\\\/\\\/kirchgemeinde.kikartei.ch\\\/\"},{\"@type\":\"ListItem\",\"position\":2,\"name\":\"Organisation\"}]},{\"@type\":\"WebSite\",\"@id\":\"https:\\\/\\\/kirchgemeinde.kikartei.ch\\\/#website\",\"url\":\"https:\\\/\\\/kirchgemeinde.kikartei.ch\\\/\",\"name\":\"Kirchgemeinde Demo\",\"description\":\"\",\"potentialAction\":[{\"@type\":\"SearchAction\",\"target\":{\"@type\":\"EntryPoint\",\"urlTemplate\":\"https:\\\/\\\/kirchgemeinde.kikartei.ch\\\/?s={search_term_string}\"},\"query-input\":{\"@type\":\"PropertyValueSpecification\",\"valueRequired\":true,\"valueName\":\"search_term_string\"}}],\"inLanguage\":\"de\"}]}<\/script>\n<!-- \/ Yoast SEO plugin. -->","yoast_head_json":{"title":"Organisation - Kirchgemeinde Demo","robots":{"index":"noindex","follow":"follow","max-snippet":"max-snippet:-1","max-image-preview":"max-image-preview:large","max-video-preview":"max-video-preview:-1"},"og_locale":"de_DE","og_type":"article","og_title":"Organisation - Kirchgemeinde Demo","og_description":"KontaktWillkommen!\u00a0 Und damit ist vieles von dem gesagt, was wir repr\u00e4sentieren wollen, n\u00e4mlich eine gastfreundliche und empf\u00e4ngliche Kirche zu sein, ein Ort der Gemeinschaft, in der es um das geht, was alle Menschen miteinander verbindet. Wir wollen eine Kirche sein,\u00a0 in der man sich trifft, um miteinander ins Gespr\u00e4ch zu kommen und Zugeh\u00f6rigkeit\u00a0 erlebt.info@kw-software.ch+41 56 [&hellip;]","og_url":"https:\/\/kirchgemeinde.kikartei.ch\/index.php\/kontakt\/","og_site_name":"Kirchgemeinde Demo","article_modified_time":"2022-09-22T15:23:56+00:00","twitter_card":"summary_large_image","twitter_misc":{"Gesch\u00e4tzte Lesezeit":"4\u00a0Minuten"},"schema":{"@context":"https:\/\/schema.org","@graph":[{"@type":"WebPage","@id":"https:\/\/kirchgemeinde.kikartei.ch\/index.php\/kontakt\/","url":"https:\/\/kirchgemeinde.kikartei.ch\/index.php\/kontakt\/","name":"Organisation - Kirchgemeinde Demo","isPartOf":{"@id":"https:\/\/kirchgemeinde.kikartei.ch\/#website"},"datePublished":"2021-10-19T07:05:05+00:00","dateModified":"2022-09-22T15:23:56+00:00","breadcrumb":{"@id":"https:\/\/kirchgemeinde.kikartei.ch\/index.php\/kontakt\/#breadcrumb"},"inLanguage":"de","potentialAction":[{"@type":"ReadAction","target":["https:\/\/kirchgemeinde.kikartei.ch\/index.php\/kontakt\/"]}]},{"@type":"BreadcrumbList","@id":"https:\/\/kirchgemeinde.kikartei.ch\/index.php\/kontakt\/#breadcrumb","itemListElement":[{"@type":"ListItem","position":1,"name":"Startseite","item":"https:\/\/kirchgemeinde.kikartei.ch\/"},{"@type":"ListItem","position":2,"name":"Organisation"}]},{"@type":"WebSite","@id":"https:\/\/kirchgemeinde.kikartei.ch\/#website","url":"https:\/\/kirchgemeinde.kikartei.ch\/","name":"Kirchgemeinde Demo","description":"","potentialAction":[{"@type":"SearchAction","target":{"@type":"EntryPoint","urlTemplate":"https:\/\/kirchgemeinde.kikartei.ch\/?s={search_term_string}"},"query-input":{"@type":"PropertyValueSpecification","valueRequired":true,"valueName":"search_term_string"}}],"inLanguage":"de"}]}},"_links":{"self":[{"href":"https:\/\/kirchgemeinde.kikartei.ch\/index.php\/wp-json\/wp\/v2\/pages\/122","targetHints":{"allow":["GET"]}}],"collection":[{"href":"https:\/\/kirchgemeinde.kikartei.ch\/index.php\/wp-json\/wp\/v2\/pages"}],"about":[{"href":"https:\/\/kirchgemeinde.kikartei.ch\/index.php\/wp-json\/wp\/v2\/types\/page"}],"author":[{"embeddable":true,"href":"https:\/\/kirchgemeinde.kikartei.ch\/index.php\/wp-json\/wp\/v2\/users\/1"}],"replies":[{"embeddable":true,"href":"https:\/\/kirchgemeinde.kikartei.ch\/index.php\/wp-json\/wp\/v2\/comments?post=122"}],"version-history":[{"count":15,"href":"https:\/\/kirchgemeinde.kikartei.ch\/index.php\/wp-json\/wp\/v2\/pages\/122\/revisions"}],"predecessor-version":[{"id":774,"href":"https:\/\/kirchgemeinde.kikartei.ch\/index.php\/wp-json\/wp\/v2\/pages\/122\/revisions\/774"}],"wp:attachment":[{"href":"https:\/\/kirchgemeinde.kikartei.ch\/index.php\/wp-json\/wp\/v2\/media?parent=122"}],"curies":[{"name":"wp","href":"https:\/\/api.w.org\/{rel}","templated":true}]}}